{"id":84,"date":"2018-10-28T18:18:06","date_gmt":"2018-10-28T16:18:06","guid":{"rendered":"http:\/\/daf.li.w02040d3.kasserver.com\/?page_id=84"},"modified":"2026-02-11T22:51:30","modified_gmt":"2026-02-11T20:51:30","slug":"publications-outreach","status":"publish","type":"page","link":"https:\/\/daf.li\/?page_id=84","title":{"rendered":"Publications"},"content":{"rendered":"\n<p>All my publications are available, either open access or upon request via my work email: daniel.frick@ifg.uni-kiel.de.<\/p>\n\n\n\n<h1 class=\"wp-block-heading\">Latest Publications<\/h1>\n\n\n\n<p><strong>2026<\/strong><\/p>\n\n\n\n<p><a href=\"https:\/\/doi.org\/10.1002\/advs.202523988\">Circular Potential of Lithium\u2010Ion Battery Recycling Slags: Quantifying Microstructure and Elemental Distribution for a Holistic Valorization<\/a><br>Peter C. Gantz, Charlize A. Senkyr, R\u00fcdiger Kilian, Andreas Neumann, Maximilian Korges, <strong>Daniel A. Frick<\/strong>, Hans Roggendorf, Ralf Wehrspohn, Stefan St\u00f6ber, Christiane Stephan\u2010Scherb<br>Advanced Science<\/p>\n\n\n\n<p><a href=\"https:\/\/doi.org\/10.1016\/j.gca.2026.01.040\" data-type=\"link\" data-id=\"https:\/\/doi.org\/10.1016\/j.gca.2026.01.040\">The preservation of silicon isotope ratios in cherts and recrystallized sponge spicules<\/a><br>Yan Ye, Patrick J. Frings, <strong>Daniel A. Frick<\/strong>, Friedhelm von Blanckenburg, Qinglai Feng Geochimica et Cosmochimica Acta<\/p>\n\n\n\n<p><strong>2025<\/strong><\/p>\n\n\n\n<p><a href=\"https:\/\/doi.org\/10.1016\/j.gca.2025.10.020\">Magnesium and silicon isotope fractionation during sepiolite precipitation at 25 \u00b0C<\/a><br>Andre Baldermann, Jean-Michel Brazier, Martin Dietzel, Juraj Farka\u0161, <strong>Daniel A. Frick<\/strong>, Patrick J. Frings, Stefan C. L\u00f6hr, Sylvia Riechelmann, Franziska M. Stamm<br>Geochimica et Cosmochimica Acta<\/p>\n\n\n\n<p><a href=\"https:\/\/doi.org\/10.1007\/s11104-025-07633-x\">Silicon isotopic fractionation under water stress in Sorghum bicolor: evidence from in situ morphotype-specific phytolith analysis<\/a><br>Francesca D\u2019Agostini, <strong>Daniel A. Frick<\/strong>, Alessandra Varalli, Abel Ruiz-Giralt, Marco Madella &amp; Carla Lancelotti<br>Plant Soil<\/p>\n\n\n\n<p><a href=\"https:\/\/doi.org\/10.1029\/2025GC012616\" data-type=\"link\" data-id=\"https:\/\/doi.org\/10.1029\/2025GC012616\">Origin of the King\u2019s Trough Complex (North Atlantic): Interplay Between a Transient Plate Boundary and the Early Azores Mantle Plume<\/a><br>Antje D\u00fcrkef\u00e4lden, J\u00f6rg Geldmacher, Folkmar Hauff, Michael Stipp, Dieter Garbe\u2010Sch\u00f6nberg, <strong>Daniel A. Frick<\/strong>, Brian Jicha, Luisa P.\u00a0Ribeiro, Marcus Gutjahr, Johanna Schenk, Kaj Hoernle<br>Geochem Geophys Geosyst 26, e2025GC012616. <\/p>\n\n\n\n<p><a href=\"https:\/\/doi.org\/10.1038\/s41467-025-65002-9\">Southern Ocean evidence for recurring West Antarctic Ice Sheet destabilization during Marine Isotope Stage 11<\/a><br>Lena Jebasinski, <strong>Daniel A. Frick<\/strong>, Aruggoda K. I. U. Kapuge, Chandranath Basak, Mariem\u00a0Saavedra-Pellitero, Gisela Winckler, Frank Lamy, Julia Gottschalk  <br>Nature Communications<\/p>\n\n\n\n<p><a href=\"https:\/\/doi.org\/10.1038\/s41598-025-07002-9\">A 13.06\u00a0Ma widespread ignimbrite in the Pannonian Basin captured a snapshot of shallow marine to coastal environment in Central Paratethys<\/a><br>D\u00e1vid Kar\u00e1tson, Pierre Lahitte, Maxim Portnyagin, M\u00e1rton Palotai, S\u00e1ndor J\u00f3zsa, Em\u0151 M\u00e1rton, Em\u0151ke T\u00f3th, Bogl\u00e1rka Erdei, S\u00e9bastien Nomade, K\u00e1roly N\u00e9meth, Levente Iv\u00e1n, M\u00e1rton Krasznai, Fanni V\u00f6r\u00f6s, Tam\u00e1s Bir\u00f3, Jean-Louis Paquette, Lilla Hably, J\u00e1nos H\u00edr, P\u00e9ter Prakfalvi, J\u00e1nos Kiss, Zolt\u00e1n P\u00e9cskay, <strong>Daniel A. Frick<\/strong>, M\u00e1ty\u00e1s Hencz<br>Scientific Reports<\/p>\n\n\n\n<p><a href=\"https:\/\/doi.org\/10.1088\/1748-9326\/ae130c\">Hawaiian beaches as natural analogues for enhanced silicate weathering of olivine<\/a><br>Matthias Kreuzburg<sup>*<\/sup>,\u00a0Astrid Hyl\u00e9n,\u00a0Devon B Cole,\u00a0Stephen J Romaniello,\u00a0Chandra W Winardhi,\u00a0Veerle Cnudde,\u00a0<strong>Daniel A Frick<\/strong>,\u00a0Josephine Barnett,\u00a0Kirsten P Nicolaysen\u00a0and\u00a0Filip J R Meysman<br>Environmental Research Letters<\/p>\n\n\n\n<p><a href=\"https:\/\/doi.org\/10.5194\/cp-21-1281-2025\">Persistent deep-water formation in the Nordic Seas during Marine Isotope Stages 5 and 4 notwithstanding changes in Atlantic overturning<\/a><br>Tim B. Stobbe, Henning A. Bauch, <strong>Daniel A. Frick<\/strong>, Jimin Yu, Julia Gottschalk, <br>Climate of the Past<\/p>\n\n\n\n<p><a href=\"https:\/\/agupubs.onlinelibrary.wiley.com\/doi\/abs\/10.1029\/2024JG008160\" target=\"_blank\" rel=\"noreferrer noopener\">Impact of Diagenesis on Biogenic Silica\u2010Structural, Chemical, and Isotope Proxies<\/a><br>Franziska M Stamm, Rebecca A Pickering, Patrick J Frings, <strong>Daniel A. Frick<\/strong>, Sylvain Richoz, Daniel J Conley<br>Journal of Geophysical Research: Biogeosciences<\/p>\n\n\n\n<p><strong>2024<\/strong><\/p>\n\n\n\n<p><a href=\"https:\/\/doi.org\/10.1038\/s43247-024-01746-4\" data-type=\"link\" data-id=\"https:\/\/doi.org\/10.1038\/s43247-024-01746-4\" target=\"_blank\" rel=\"noreferrer noopener\">Marine clay maturation induces systematic silicon isotope decrease in authigenic clays and pore fluids<\/a><br>Sonja Geilert, <strong>Daniel A. Frick<\/strong>, April N. Abbott, Stefan C. L\u00f6hr<br>Communications Earth &amp; Environment<\/p>\n\n\n\n<p><a href=\"https:\/\/doi.org\/10.1016\/j.sab.2024.107013\" data-type=\"link\" data-id=\"https:\/\/doi.org\/10.1016\/j.sab.2024.107013\" target=\"_blank\" rel=\"noreferrer noopener\">Lithium isotope ratio analysis of geological samples using atomic absorption spectrometry with improved spectral resolution<\/a><br>Dalia Morcillo, Alexander Winckelmann, <strong>Daniel A. Frick<\/strong>, Lars Jacobsen, Tino Seger, Stefan Florek, Silke Richter, Jochen Vogl, Sebastian Recknagel, Ulrich Panne, Carlos Abad<br>Spectrochimica Acta Part B: Atomic Spectroscopy<\/p>\n\n\n\n<p><a href=\"https:\/\/doi.org\/10.1016\/j.epsl.2024.119021\" data-type=\"link\" data-id=\"https:\/\/doi.org\/10.1016\/j.epsl.2024.119021\" target=\"_blank\" rel=\"noreferrer noopener\">A distinct type of MORB formed by two-stage melting of a hybrid mantle during Gondwana breakup<\/a><br>Maxim Portnyagin, Antje D\u00fcrkef\u00e4lden, Folkmar Hauff, Andrey Gurenko, <strong>Daniel A. Frick<\/strong>, Dieter Garbe-Sch\u00f6nberg, Kaj Hoernle<br>Earth and Planetary Science Letters<\/p>\n\n\n\n<p><a href=\"https:\/\/doi.org\/10.1029\/2024JF007638\" data-type=\"link\" data-id=\"https:\/\/doi.org\/10.1029\/2024JF007638\" target=\"_blank\" rel=\"noreferrer noopener\">Denudation and Weathering Rates of Carbonate Landscapes From Meteoric <sup>10<\/sup> Be\/ <sup>9<\/sup> Be Ratios<\/a><br>Hella Wittmann, Julien Bouchez, Damien Calmels, J\u00e9r\u00f4me Gaillardet, <strong>Daniel A. Frick<\/strong>, Nicole Stroncik, ASTER Team, Friedhelm von Blanckenburg<br>Journal of Geophysical Research: Earth Surface<\/p>\n\n\n\n<p><a href=\"https:\/\/www.sciencedirect.com\/science\/article\/pii\/S0009254124002006\" target=\"_blank\" rel=\"noreferrer noopener\">Silicon and oxygen isotope fractionation in a silicified carbonate rock<\/a><br>Michael Tatzel, Marcus Oelze, <strong>Daniel A. Frick<\/strong>, Tommaso Di Rocco, Moritz Liesegang, Maria Stuff, Michael Wiedenbeck<br>Chemical Geology<\/p>\n\n\n\n<p><a href=\"https:\/\/aslopubs.onlinelibrary.wiley.com\/doi\/full\/10.1002\/lom3.10587\" data-type=\"link\" data-id=\"https:\/\/aslopubs.onlinelibrary.wiley.com\/doi\/full\/10.1002\/lom3.10587\" target=\"_blank\" rel=\"noreferrer noopener\">Simultaneous preconcentration of 9 Be and cosmogenic 10 Be for determination of the 10 Be\/9 Be ratio in (coastal) seawater<\/a><br>Chenyu Wang, <strong>Daniel A. Frick<\/strong>, Friedhelm von Blanckenburg, Martin Frank, Ergang Lian, Shouye Yang, Hella Wittmann<br>Limnology and Oceanography: Methods<\/p>\n\n\n\n<p><strong>2023<\/strong><\/p>\n\n\n\n<p><a href=\"https:\/\/onlinelibrary.wiley.com\/doi\/full\/10.1111\/ggr.12517\" data-type=\"link\" data-id=\"https:\/\/onlinelibrary.wiley.com\/doi\/full\/10.1111\/ggr.12517\" target=\"_blank\" rel=\"noreferrer noopener\">Characterisation of Conventional&nbsp;<sup>87<\/sup>Sr\/<sup>86<\/sup>Sr Isotope Ratios in Cement, Limestone and Slate Reference Materials Based on an Interlaboratory Comparison Study<\/a><br>Anera Kazlagi\u0107, Martin Rosner, Anna Cipriani, <strong>Daniel A. Frick<\/strong>, Johannes Glodny, Elis J Hoffmann, John M Hora, Johanna Irrgeher, Federico Lugli, Tomas Magna, Thomas C Meisel, Anette Meixner, Antonio Possolo, Axel Pramann, Michael J Pribil, Thomas Prohaska, Anika Retzmann, Olaf Rienitz, Daniel Rutherford, Gustavo M Paula\u2010Santos, Michael Tatzel, Sara Widhalm, Matthias Willbold, Tea Zuliani, Jochen Vogl<br>Geostandards and Geoanalytical Research<\/p>\n\n\n\n<p><a href=\"https:\/\/www.nature.com\/articles\/s41467-023-37186-5\" target=\"_blank\" rel=\"noreferrer noopener\">Coastal El Ni\u00f1o triggers rapid marine silicate alteration on the seafloor<\/a><br>Sonja Geilert, <strong>Daniel A. Frick<\/strong>, Dieter Garbe-Sch\u00f6nberg, Florian Scholz, Stefan Sommer, Patricia Grasse, Christoph Vogt, Andrew W. Dale<br>Nature Communications<\/p>\n\n\n\n<h2 class=\"wp-block-heading\">2021<\/h2>\n\n\n\n<p><a href=\"http:\/\/www.ajsonline.org\/lookup\/doi\/10.2475\/08.2021.01\" data-type=\"URL\" data-id=\"http:\/\/www.ajsonline.org\/lookup\/doi\/10.2475\/08.2021.01\" target=\"_blank\" rel=\"noreferrer noopener\">Rock weathering and nutrient cycling along an erodosequence<\/a><br>Friedhelm von Blanckenburg, Jan A. Schuessler, Julien Bouchez, Patrick J. Frings, David Uhlig, Marcus Oelze, <strong>Daniel A. Frick<\/strong>, Tilak Hewawasam, Jeannie Dixon, and Kevin Norton<br>American Journal of Science<\/p>\n\n\n\n<p><a rel=\"noreferrer noopener\" href=\"http:\/\/www.ajsonline.org\/lookup\/doi\/10.2475\/08.2021.02\" data-type=\"URL\" data-id=\"http:\/\/www.ajsonline.org\/lookup\/doi\/10.2475\/08.2021.02\" target=\"_blank\">Interpreting silicon isotopes in the Critical Zone<\/a><br>Patrick J. Frings, Marcus Oelze, Franziska Schubring, <strong>Daniel A. Frick<\/strong>, and Friedhelm von Blanckenburg<br>American Journal of Science <\/p>\n\n\n\n<p><a rel=\"noreferrer noopener\" href=\"https:\/\/linkinghub.elsevier.com\/retrieve\/pii\/S0012821X21004489\" data-type=\"URL\" data-id=\"https:\/\/linkinghub.elsevier.com\/retrieve\/pii\/S0012821X21004489\" target=\"_blank\">Systematic changes in serpentine Si isotope signatures across the Mariana forearc \u2013 a new proxy for slab dehydration processes<\/a><br>Sonja Geilert, Elmar Albers, <strong>Daniel A. Frick<\/strong>, Christian T. Hansen, and  Friedhelm von Blanckenburg<br>Earth and Planetary Science Letters<\/p>\n\n\n\n<p><a href=\"https:\/\/www.sciencedirect.com\/science\/article\/pii\/S0016703721002374\">In situ Si isotope and chemical constraints on formation and processing of chondrules in the Allende meteorite<\/a><br>Yogita Kadlag, Michael Tatzel, <strong>Daniel A. Frick<\/strong>, Harry Becker, and Philipp K\u00fchne<br>Geochimica et Cosmochimica Acta<\/p>\n\n\n\n<p class=\"capsule__title fixpadv--m\"><a href=\"https:\/\/pubs.rsc.org\/en\/Content\/ArticleLanding\/2021\/JA\/D1JA00083G\">Laser ablation split stream for in situ sulfur isotope and elemental analysis<\/a><br><span class=\"article__author-link\">Marcus Oelze, <strong>Daniel A. Frick<\/strong> and Sarah Gleeson<br><\/span>Journal of Analytical Atomic Spectrometry<\/p>\n\n\n\n<h2 class=\"wp-block-heading\">2020<\/h2>\n\n\n\n<p><a href=\"https:\/\/bg.copernicus.org\/articles\/17\/6475\/2020\/bg-17-6475-2020.html\"><strong>Silicon uptake and isotope fractionation dynamics by crop species<\/strong><\/a><br><strong>Daniel A. Frick<\/strong>, Rainer Remus, Michael Sommer, J\u00fcrgen Augustin, Danuta Kaczorek,&nbsp;and Friedhelm von Blanckenburg<br>Biogeosciences<\/p>\n\n\n\n<p><a class=\"gsc_vcd_title_link\" href=\"https:\/\/doi.org\/10.1016\/j.lithos.2020.105738\" data-clk=\"hl=de&amp;sa=T&amp;ei=GLpPX_mmH5-Ty9YP0OmoyAk\">The composition of amphibole phenocrysts in Neogene mafic volcanic rocks from the Puna plateau: Insights on the evolution of hydrous back-arc magmas<\/a><br>Guadalupe Maro, Robert B Trumbull, Pablo J Caffe, Cynthia B Jofr\u00e9, Rub\u00e9n Filipovich, <strong>Daniel A. Frick<\/strong><br>Lithos<\/p>\n\n\n\n<p class=\"workspace-title leftBuffer\"><a href=\"https:\/\/doi.org\/10.1002\/ansa.202000036\">Quantifying beryllium concentrations in plant shoots from forest ecosystems using cation\u2010exchange chromatography and quadrupole ICP\u2010MS<\/a><br>David Uhlig,\u00a0Tatiana Goldberg, <strong>Daniel A. Frick<\/strong>, Friedhelm von Blanckenburg<br><span id=\"work.title\">Analytical Science Advances<\/span><\/p>\n\n\n\n<p><a href=\"https:\/\/doi.org\/10.5281\/zenodo.3605660\" target=\"_blank\" rel=\"noopener noreferrer\">Identification of cobalt-coloured Egyptian glass objects by LA-ICP-MS: a case study from the 18th dynasty workshops at Amarna, Egypt<\/a><br>Anna Hodkinson,<strong> Daniel A. Frick<br><\/strong>Mediterranean Archaeology and Archaeometry<\/p>\n\n\n\n<p><a href=\"https:\/\/doi.org\/10.5880\/GFZ.3.3.2019.001\" target=\"_blank\" rel=\"noopener noreferrer\">Data set of major, minor and trace elements in Co-coloured Egyptian glass objects from the 18th dynasty workshops at Amarna, Egypt<\/a><br>Anna Hodkinson, <strong>Daniel A. Frick<br><\/strong>GFZ Data Services<\/p>\n\n\n\n<h2 class=\"wp-block-heading\">2019 &#8211; 2011<\/h2>\n\n\n\n<p>See <a rel=\"noopener noreferrer\" href=\"https:\/\/orcid.org\/0000-0002-8530-3064\" target=\"_blank\">my ORCID Profil<\/a>&nbsp;and <a href=\"http:\/\/daf.li?page_id=113\">more publications<\/a> for publications before 2018.<\/p>\n\n\n\n<p><\/p>\n","protected":false},"excerpt":{"rendered":"<p>All my publications are available, either open access or upon request via my work email: daniel.frick@ifg.uni-kiel.de. Latest Publications 2026 Circular Potential of Lithium\u2010Ion Battery Recycling Slags: Quantifying Microstructure and Elemental Distribution for a Holistic ValorizationPeter C. Gantz, Charlize A. Senkyr, &hellip; <a href=\"https:\/\/daf.li\/?page_id=84\">Weiterlesen <span class=\"meta-nav\">&rarr;<\/span><\/a><\/p>\n","protected":false},"author":1,"featured_media":0,"parent":0,"menu_order":0,"comment_status":"closed","ping_status":"closed","template":"","meta":{"footnotes":""},"class_list":["post-84","page","type-page","status-publish","hentry"],"_links":{"self":[{"href":"https:\/\/daf.li\/index.php?rest_route=\/wp\/v2\/pages\/84","targetHints":{"allow":["GET"]}}],"collection":[{"href":"https:\/\/daf.li\/index.php?rest_route=\/wp\/v2\/pages"}],"about":[{"href":"https:\/\/daf.li\/index.php?rest_route=\/wp\/v2\/types\/page"}],"author":[{"embeddable":true,"href":"https:\/\/daf.li\/index.php?rest_route=\/wp\/v2\/users\/1"}],"replies":[{"embeddable":true,"href":"https:\/\/daf.li\/index.php?rest_route=%2Fwp%2Fv2%2Fcomments&post=84"}],"version-history":[{"count":34,"href":"https:\/\/daf.li\/index.php?rest_route=\/wp\/v2\/pages\/84\/revisions"}],"predecessor-version":[{"id":319,"href":"https:\/\/daf.li\/index.php?rest_route=\/wp\/v2\/pages\/84\/revisions\/319"}],"wp:attachment":[{"href":"https:\/\/daf.li\/index.php?rest_route=%2Fwp%2Fv2%2Fmedia&parent=84"}],"curies":[{"name":"wp","href":"https:\/\/api.w.org\/{rel}","templated":true}]}}